{"id":6,"date":"2016-05-03T17:15:26","date_gmt":"2016-05-03T16:15:26","guid":{"rendered":"https:\/\/www.dem-tdv.com\/?page_id=6"},"modified":"2022-04-20T22:25:00","modified_gmt":"2022-04-20T21:25:00","slug":"dem-tdv-demenageur","status":"publish","type":"page","link":"https:\/\/www.dem-tdv.com\/","title":{"rendered":"Dem TDV : d\u00e9m\u00e9nageur"},"content":{"rendered":"<h2>Organiser un d\u00e9m\u00e9nagement<\/h2>\n<div id=\"textpreview\">\n<p>Pour r\u00e9ussir un d\u00e9m\u00e9nagement <a href=\"https:\/\/demenageur.com\">demenageur.com<\/a>\u00a0qui est une affaire complexe et organis\u00e9e, il convient d\u2019obtenir un devis de d\u00e9m\u00e9nagement gratuitement. De cette fa\u00e7on, vous pouvez anticiper vos activit\u00e9s et vos frais.<\/p>\n<\/div>\n<h2><img loading=\"lazy\" decoding=\"async\" class=\"wp-image-12 aligncenter\" src=\"https:\/\/www.dem-tdv.com\/wp-content\/uploads\/2016\/05\/dem-tdv-300x201.png\" alt=\"dem tdv\" width=\"451\" height=\"302\" srcset=\"https:\/\/www.dem-tdv.com\/wp-content\/uploads\/2016\/05\/dem-tdv-300x201.png 300w, https:\/\/www.dem-tdv.com\/wp-content\/uploads\/2016\/05\/dem-tdv.png 474w\" sizes=\"auto, (max-width: 451px) 100vw, 451px\" \/><\/h2>\n<h2>Les \u00e9tapes \u00e0 effectuer en amont d\u2019un d\u00e9m\u00e9nagement<\/h2>\n<div>Un changement de domicile, \u00e7a se pr\u00e9pare ! Munissez-vous d\u2019un papier et d\u2019un crayon et notez toutes les id\u00e9es qui vous viennent pendant plusieurs jours sur les choses \u00e0 faire avant le jour J. En effet, du temps est n\u00e9cessaire pour comparer les tarifs de chaque entreprise de d\u00e9m\u00e9nagement \u00a0que vous contactez et de nombreuses heures sont \u00e0 pr\u00e9voir c\u00f4t\u00e9 administratif et rangement de vos effets dans des cartons de d\u00e9m\u00e9nagement. Choisissez la date de l\u2019\u00e9v\u00e9nement en privil\u00e9giant les beaux jours.<br \/>\nQue vous soyez d\u2019un naturel rigoureux ou pas, il est n\u00e9cessaire de prendre du temps pour organiser un tel \u00e9v\u00e9nement qui est un chamboulement tant au niveau personnel que social. Selon l\u2019endroit o\u00f9 vous d\u00e9m\u00e9nagez, vous \u00eates peut-\u00eatre oblig\u00e9 de pr\u00e9voir une location interm\u00e9diaire. Il faut donc penser \u00e0 rechercher un logement proche de votre futur lieu de r\u00e9sidence sans forc\u00e9ment engager beaucoup de frais. Les chambres d\u2019h\u00f4tes ou les appart\u2019h\u00f4tels peuvent repr\u00e9senter une solution.<br \/>\nPensez \u00e0 contacter votre assurance habitation pour bien s\u00fbr lui indiquer les changements d\u2019adresse mais \u00e9galement pour conna\u00eetre les dommages couverts par le contrat.<\/div>\n<h2>Pourquoi recourir \u00e0 des d\u00e9m\u00e9nageurs ?<\/h2>\n<div>Un des avantages de choisir une entreprise de d\u00e9m\u00e9nagement r\u00e9side dans le fait que si vous ne disposez pas de votre nouveau logement tout de suite, la soci\u00e9t\u00e9 peut mettre \u00e0 votre disposition un garde-meuble. Vous pouvez b\u00e9n\u00e9ficier de diff\u00e9rents tarifs comme par des forfaits qui prennent en charge un certain nombre de prestations.<br \/>\nAvant d\u2019intervenir, les d\u00e9m\u00e9nageurs se renseignent sur la distance \u00e0 parcourir entre le lieu de d\u00e9part et le lieu de livraison, sur le volume \u00e0 transporter et adaptent leurs techniques de d\u00e9m\u00e9nagement. De plus, une assurance couvre leurs actions.<br \/>\nVous voil\u00e0 pris en charge par des professionnels qui vous assurent au niveau des \u00e9ventuels d\u00e9g\u00e2ts et vous \u00e9vitez surtout de vous blesser en transportant de fa\u00e7on h\u00e9sitante vos paquets. C\u2019est pourquoi lorsque vous signez un contrat avec une entreprise de d\u00e9m\u00e9nagement, vous remplissez une d\u00e9claration de valeur. Celle-ci indique un montant estim\u00e9 de vos biens. Le professionnel s\u2019engage \u00e0 vous d\u00e9dommager d\u2019\u00e9ventuels d\u00e9g\u00e2ts.<br \/>\nL&#8217;assurance dommages d\u00e9m\u00e9nagement.<br \/>\nEn fonction de votre contrat multirisque habitation, il est possible que vous soyez d\u00e9j\u00e0 prot\u00e9g\u00e9 en cas de dommages lors du d\u00e9m\u00e9nagement. Si ce n&#8217;est pas le cas, il vous suffit de d\u00e9clarer une extension de garantie aupr\u00e8s de votre assureur. Ainsi, les probl\u00e8mes non pr\u00e9vus par la d\u00e9claration de valeur seront couverts.<\/div>\n<h2>Comment s\u2019op\u00e8re un d\u00e9m\u00e9nagement ?<\/h2>\n<div>Le jour du d\u00e9m\u00e9nagement, il y aura du stress in\u00e9vitablement. Mais plus vous aurez pr\u00e9par\u00e9 les \u00e9ventualit\u00e9s, mieux le changement s&#8217;op\u00e8rera. Soit vous avez vos cartons de d\u00e9m\u00e9nagement stock\u00e9s en hangar ou en conteneur, soit les paquets sont transport\u00e9s par gros v\u00e9hicules sur votre nouveau lieu d\u2019habitation ou professionnel dans le cas d\u2019un d\u00e9m\u00e9nagement d\u2019entreprise. Si vos colis sont stock\u00e9s, vous pouvez effectuer des travaux d\u2019am\u00e9nagement avant de les d\u00e9baller. Ils peuvent ainsi rester plusieurs semaines en gardiennage.<br \/>\nD\u00e9m\u00e9nager, c\u2019est aussi parfois transporter tous les membres d\u2019une famille aux \u00e2ges diff\u00e9rents et parfois des animaux. Des pr\u00e9cautions sont n\u00e9cessaires. Pour les personnes fragiles comme pour les enfants en bas \u00e2ge et les personnes vieillissantes, pensez \u00e0 am\u00e9nager leur aventure en leur \u00e9vitant toute p\u00e9nibilit\u00e9. Pour les animaux, des conseils pris aupr\u00e8s du v\u00e9t\u00e9rinaire habituel apportent des informations pr\u00e9cieuses afin de limiter le stress.<br \/>\nQuand le d\u00e9m\u00e9nagement se r\u00e9alise sur quelques kilom\u00e8tres ou au-del\u00e0 des fronti\u00e8res, les formalit\u00e9s administratives et l\u2019organisation sont diff\u00e9rentes.<br \/>\nPendant le d\u00e9m\u00e9nagement, pensez \u00e0 hydrater tous ceux qui y participent et pr\u00e9voyez des petits bagages toujours \u00e0 proximit\u00e9 de vous pour y ranger le n\u00e9cessaire du quotidien. Vous \u00e9vitez ainsi les \u00e9nervements et les pertes de temps pour trouver l\u2019indispensable rapidement.<br \/>\nLe d\u00e9m\u00e9nagement est un des \u00e9v\u00e9nements de la vie qui stresse le plus. C\u2019est pourquoi, il est important de s\u2019y pr\u00e9parer notamment en notant sur un bloc-notes toutes les d\u00e9marches administratives \u00e0 effectuer et \u00e0 conna\u00eetre point par point les \u00e9tapes du jour J car les impr\u00e9vus surviennent et vous occupent d\u00e9j\u00e0 une bonne partie de votre temps. Enfin, offrez-vous de multiples pauses pour vous alimenter et vous reposer.<\/div>\n","protected":false},"excerpt":{"rendered":"<p>Organiser un d\u00e9m\u00e9nagement Pour r\u00e9ussir un d\u00e9m\u00e9nagement demenageur.com\u00a0qui est une affaire complexe et organis\u00e9e, il convient d\u2019obtenir un devis de&hellip;<\/p>\n","protected":false},"author":1,"featured_media":0,"parent":0,"menu_order":0,"comment_status":"closed","ping_status":"closed","template":"","meta":{"_seopress_robots_primary_cat":"","_seopress_titles_title":"","_seopress_titles_desc":"","_seopress_robots_index":"","footnotes":""},"class_list":["post-6","page","type-page","status-publish","hentry"],"_links":{"self":[{"href":"https:\/\/www.dem-tdv.com\/index.php\/wp-json\/wp\/v2\/pages\/6","targetHints":{"allow":["GET"]}}],"collection":[{"href":"https:\/\/www.dem-tdv.com\/index.php\/wp-json\/wp\/v2\/pages"}],"about":[{"href":"https:\/\/www.dem-tdv.com\/index.php\/wp-json\/wp\/v2\/types\/page"}],"author":[{"embeddable":true,"href":"https:\/\/www.dem-tdv.com\/index.php\/wp-json\/wp\/v2\/users\/1"}],"replies":[{"embeddable":true,"href":"https:\/\/www.dem-tdv.com\/index.php\/wp-json\/wp\/v2\/comments?post=6"}],"version-history":[{"count":5,"href":"https:\/\/www.dem-tdv.com\/index.php\/wp-json\/wp\/v2\/pages\/6\/revisions"}],"predecessor-version":[{"id":16,"href":"https:\/\/www.dem-tdv.com\/index.php\/wp-json\/wp\/v2\/pages\/6\/revisions\/16"}],"wp:attachment":[{"href":"https:\/\/www.dem-tdv.com\/index.php\/wp-json\/wp\/v2\/media?parent=6"}],"curies":[{"name":"wp","href":"https:\/\/api.w.org\/{rel}","templated":true}]}}